{"id":1111,"date":"2025-04-24T06:47:12","date_gmt":"2025-04-24T06:47:12","guid":{"rendered":"https:\/\/angeldigital.pro\/?page_id=1111"},"modified":"2025-07-20T21:58:44","modified_gmt":"2025-07-20T21:58:44","slug":"estrategia-2","status":"publish","type":"page","link":"https:\/\/angeldigital.pro\/index.php\/estrategia-2\/","title":{"rendered":"Estrategia"},"content":{"rendered":"\t\t<div data-elementor-type=\"wp-page\" data-elementor-id=\"1111\" class=\"elementor elementor-1111\">\n\t\t\t\t\t\t\t\t\t<section class=\"has_ma_el_bg_slider elementor-section elementor-top-section elementor-element elementor-element-176e76a elementor-section-height-min-height ops-section elementor-section-full_width elementor-section-height-default elementor-section-items-middle jltma-glass-effect-no wpr-particle-no wpr-jarallax-no wpr-parallax-no wpr-sticky-section-no\" data-id=\"176e76a\" data-element_type=\"section\" data-settings=\"{&quot;ekit_has_onepagescroll&quot;:&quot;section&quot;,&quot;animation&quot;:&quot;none&quot;}\">\n\t\t\t\t\t\t\t<div class=\"elementor-background-overlay\"><\/div>\n\t\t\t\t\t\t\t<div class=\"elementor-container elementor-column-gap-default\">\n\t\t\t\t\t<div class=\"has_ma_el_bg_slider elementor-column elementor-col-100 elementor-top-column elementor-element elementor-element-354a075d jltma-glass-effect-no\" data-id=\"354a075d\" data-element_type=\"column\">\n\t\t\t<div class=\"elementor-widget-wrap elementor-element-populated\">\n\t\t\t\t\t\t\t\t<div class=\"elementor-element elementor-element-7940719a jltma-glass-effect-no elementor-widget elementor-widget-heading\" data-id=\"7940719a\" data-element_type=\"widget\" data-widget_type=\"heading.default\">\n\t\t\t\t<div class=\"elementor-widget-container\">\n\t\t\t<style>\/*! elementor - v3.17.0 - 08-11-2023 *\/\n.elementor-heading-title{padding:0;margin:0;line-height:1}.elementor-widget-heading .elementor-heading-title[class*=elementor-size-]>a{color:inherit;font-size:inherit;line-height:inherit}.elementor-widget-heading .elementor-heading-title.elementor-size-small{font-size:15px}.elementor-widget-heading .elementor-heading-title.elementor-size-medium{font-size:19px}.elementor-widget-heading .elementor-heading-title.elementor-size-large{font-size:29px}.elementor-widget-heading .elementor-heading-title.elementor-size-xl{font-size:39px}.elementor-widget-heading .elementor-heading-title.elementor-size-xxl{font-size:59px}<\/style><h1 class=\"elementor-heading-title elementor-size-default\">Estrategia<\/h1>\t\t<\/div>\n\t\t\t\t<\/div>\n\t\t\t\t\t<\/div>\n\t\t<\/div>\n\t\t\t\t\t\t\t<\/div>\n\t\t<\/section>\n\t\t\t\t<section class=\"has_ma_el_bg_slider elementor-section elementor-top-section elementor-element elementor-element-3c6cbb1 elementor-section-boxed elementor-section-height-default elementor-section-height-default jltma-glass-effect-no wpr-particle-no wpr-jarallax-no wpr-parallax-no wpr-sticky-section-no\" data-id=\"3c6cbb1\" data-element_type=\"section\">\n\t\t\t\t\t\t<div class=\"elementor-container elementor-column-gap-default\">\n\t\t\t\t\t<div class=\"has_ma_el_bg_slider elementor-column elementor-col-50 elementor-top-column elementor-element elementor-element-691cab7 jltma-glass-effect-no\" data-id=\"691cab7\" data-element_type=\"column\">\n\t\t\t<div class=\"elementor-widget-wrap elementor-element-populated\">\n\t\t\t\t\t\t\t\t<div class=\"elementor-element elementor-element-5797088 jltma-glass-effect-no elementor-widget elementor-widget-ma-dual-heading\" data-id=\"5797088\" data-element_type=\"widget\" data-widget_type=\"ma-dual-heading.default\">\n\t\t\t\t<div class=\"elementor-widget-container\">\n\t\t\t\n\n\t\t\n\t\t\t<div id=\"jltma-heading-5797088\" class=\"jltma-dual-heading\">\n\t\t\t\t<div class=\"jltma-dual-heading-wrapper\">\n\t\t\t\t\t\n\t\t\t\t\t<h1 class=\"jltma-dual-heading-title\">\n\t\t\t\t\t\t\n\t\t\t\t\t\t\t<span class=\"jltma-first-heading\">\n\t\t\t\t\t\t\t\t\u00bfListo para vender m\u00e1s?\t\t\t\t\t\t\t<\/span>\n\n\t\t\t\t\t\t\t<span class=\"jltma-second-heading\">\n\t\t\t\t\t\t\t\t Transformamos tus objetivos en acciones efectivas.\t\t\t\t\t\t\t<\/span>\n\n\t\t\t\t\t\t\t\t\t\t\t\t<\/h1>\n\n\t\t\t\t\t\t\t\t\t<\/div>\n\t\t\t<\/div>\n\n\t\t\n\n\t\t\t<\/div>\n\t\t\t\t<\/div>\n\t\t\t\t\t<\/div>\n\t\t<\/div>\n\t\t\t\t<div class=\"has_ma_el_bg_slider elementor-column elementor-col-50 elementor-top-column elementor-element elementor-element-08d1734 jltma-glass-effect-no\" data-id=\"08d1734\" data-element_type=\"column\">\n\t\t\t<div class=\"elementor-widget-wrap elementor-element-populated\">\n\t\t\t\t\t\t\t\t<div class=\"elementor-element elementor-element-530cdfd jltma-glass-effect-no elementor-widget elementor-widget-image\" data-id=\"530cdfd\" data-element_type=\"widget\" data-widget_type=\"image.default\">\n\t\t\t\t<div class=\"elementor-widget-container\">\n\t\t\t<style>\/*! elementor - v3.17.0 - 08-11-2023 *\/\n.elementor-widget-image{text-align:center}.elementor-widget-image a{display:inline-block}.elementor-widget-image a img[src$=\".svg\"]{width:48px}.elementor-widget-image img{vertical-align:middle;display:inline-block}<\/style>\t\t\t\t\t\t\t\t\t\t\t\t<img decoding=\"async\" src=\"https:\/\/angeldigital.pro\/wp-content\/uploads\/2023\/11\/manager-giving-a-presentation-on-creativity-to-off-2021-08-26-17-26-50-utc.jpg\" title=\"manager-giving-a-presentation-on-creativity-to-off-2021-08-26-17-26-50-utc.jpg\" alt=\"manager-giving-a-presentation-on-creativity-to-off-2021-08-26-17-26-50-utc.jpg\" loading=\"lazy\" \/>\t\t\t\t\t\t\t\t\t\t\t\t\t\t\t<\/div>\n\t\t\t\t<\/div>\n\t\t\t\t<div class=\"elementor-element elementor-element-6d2d0d5 jltma-glass-effect-no elementor-widget elementor-widget-text-editor\" data-id=\"6d2d0d5\" data-element_type=\"widget\" data-widget_type=\"text-editor.default\">\n\t\t\t\t<div class=\"elementor-widget-container\">\n\t\t\t<style>\/*! elementor - v3.17.0 - 08-11-2023 *\/\n.elementor-widget-text-editor.elementor-drop-cap-view-stacked .elementor-drop-cap{background-color:#69727d;color:#fff}.elementor-widget-text-editor.elementor-drop-cap-view-framed .elementor-drop-cap{color:#69727d;border:3px solid;background-color:transparent}.elementor-widget-text-editor:not(.elementor-drop-cap-view-default) .elementor-drop-cap{margin-top:8px}.elementor-widget-text-editor:not(.elementor-drop-cap-view-default) .elementor-drop-cap-letter{width:1em;height:1em}.elementor-widget-text-editor .elementor-drop-cap{float:left;text-align:center;line-height:1;font-size:50px}.elementor-widget-text-editor .elementor-drop-cap-letter{display:inline-block}<\/style>\t\t\t\t<p><b><i>De las ideas a las ventas: Dise\u00f1amos la estrategia de marketing que tu marca necesita.<\/i><\/b><\/p>\t\t\t\t\t\t<\/div>\n\t\t\t\t<\/div>\n\t\t\t\t\t<\/div>\n\t\t<\/div>\n\t\t\t\t\t\t\t<\/div>\n\t\t<\/section>\n\t\t<div class=\"elementor-element elementor-element-ebd911d e-con-full e-flex wpr-particle-no wpr-jarallax-no wpr-parallax-no wpr-sticky-section-no e-con e-parent\" data-id=\"ebd911d\" data-element_type=\"container\" data-settings=\"{&quot;content_width&quot;:&quot;full&quot;,&quot;background_background&quot;:&quot;classic&quot;}\" data-core-v316-plus=\"true\">\n\t\t\t\t<div class=\"elementor-element elementor-element-0a09032 jltma-glass-effect-no elementor-widget elementor-widget-ma-gradient-headline\" data-id=\"0a09032\" data-element_type=\"widget\" data-widget_type=\"ma-gradient-headline.default\">\n\t\t\t\t<div class=\"elementor-widget-container\">\n\t\t\t<h2 class=\"jltma-gradient-headline\">El \u00e9xito de tu marca comienza con una estrategia clara<\/h2>\t\t<\/div>\n\t\t\t\t<\/div>\n\t\t\t\t<\/div>\n\t\t\t\t<section class=\"has_ma_el_bg_slider elementor-section elementor-top-section elementor-element elementor-element-7aeaf79f elementor-section-boxed elementor-section-height-default elementor-section-height-default jltma-glass-effect-no wpr-particle-no wpr-jarallax-no wpr-parallax-no wpr-sticky-section-no\" data-id=\"7aeaf79f\" data-element_type=\"section\">\n\t\t\t\t\t\t<div class=\"elementor-container elementor-column-gap-default\">\n\t\t\t\t\t<div class=\"has_ma_el_bg_slider elementor-column elementor-col-50 elementor-top-column elementor-element elementor-element-7233248e animated-slow jltma-glass-effect-no elementor-invisible\" data-id=\"7233248e\" data-element_type=\"column\" data-settings=\"{&quot;animation&quot;:&quot;fadeInUp&quot;}\">\n\t\t\t<div class=\"elementor-widget-wrap elementor-element-populated\">\n\t\t\t\t\t\t\t\t<div class=\"elementor-element elementor-element-55e4f285 jltma-glass-effect-no elementor-widget elementor-widget-heading\" data-id=\"55e4f285\" data-element_type=\"widget\" data-widget_type=\"heading.default\">\n\t\t\t\t<div class=\"elementor-widget-container\">\n\t\t\t<h6 class=\"elementor-heading-title elementor-size-default\">At vanguard<\/h6>\t\t<\/div>\n\t\t\t\t<\/div>\n\t\t\t\t<div class=\"elementor-element elementor-element-5c438c47 jltma-glass-effect-no elementor-widget elementor-widget-heading\" data-id=\"5c438c47\" data-element_type=\"widget\" data-widget_type=\"heading.default\">\n\t\t\t\t<div class=\"elementor-widget-container\">\n\t\t\t<h2 class=\"elementor-heading-title elementor-size-default\">Trabajamos contigo para entender tus objetivos<\/h2>\t\t<\/div>\n\t\t\t\t<\/div>\n\t\t\t\t<div class=\"elementor-element elementor-element-372cdcf7 jltma-glass-effect-no elementor-widget elementor-widget-text-editor\" data-id=\"372cdcf7\" data-element_type=\"widget\" data-widget_type=\"text-editor.default\">\n\t\t\t\t<div class=\"elementor-widget-container\">\n\t\t\t\t\t\t\t<p><b><i>En un mundo saturado de mensajes publicitarios, destacar no es una opci\u00f3n, es una necesidad. En Angel Digital, no solo creamos campa\u00f1as llamativas, sino que desarrollamos estrategias integrales de marketing y publicidad basadas en datos, creatividad y an\u00e1lisis de mercado.<\/i><\/b><\/p><p><b><i>Trabajamos contigo para entender tus objetivos, identificar a tu audiencia y dise\u00f1ar acciones que generen engagement, leads y ventas. Desde estrategias digitales hasta campa\u00f1as tradicionales, cada paso est\u00e1 pensado para maximizar tu inversi\u00f3n.<\/i><\/b><\/p>\t\t\t\t\t\t<\/div>\n\t\t\t\t<\/div>\n\t\t\t\t<div class=\"elementor-element elementor-element-43f6c612 elementor-tablet-align-center jltma-glass-effect-no elementor-widget elementor-widget-button\" data-id=\"43f6c612\" data-element_type=\"widget\" data-widget_type=\"button.default\">\n\t\t\t\t<div class=\"elementor-widget-container\">\n\t\t\t\t\t<div class=\"elementor-button-wrapper\">\n\t\t\t<a class=\"elementor-button elementor-button-link elementor-size-sm elementor-animation-grow\" href=\"https:\/\/wa.link\/bbohbq\">\n\t\t\t\t\t\t<span class=\"elementor-button-content-wrapper\">\n\t\t\t\t\t\t<span class=\"elementor-button-text\">Reserva tu sesi\u00f3n<\/span>\n\t\t<\/span>\n\t\t\t\t\t<\/a>\n\t\t<\/div>\n\t\t\t\t<\/div>\n\t\t\t\t<\/div>\n\t\t\t\t\t<\/div>\n\t\t<\/div>\n\t\t\t\t<div class=\"has_ma_el_bg_slider elementor-column elementor-col-50 elementor-top-column elementor-element elementor-element-6d60d1e0 jltma-glass-effect-no\" data-id=\"6d60d1e0\" data-element_type=\"column\">\n\t\t\t<div class=\"elementor-widget-wrap elementor-element-populated\">\n\t\t\t\t\t\t\t\t<div class=\"elementor-element elementor-element-4ea3865 jltma-glass-effect-no elementor-widget elementor-widget-image\" data-id=\"4ea3865\" data-element_type=\"widget\" data-widget_type=\"image.default\">\n\t\t\t\t<div class=\"elementor-widget-container\">\n\t\t\t\t\t\t\t\t\t\t\t\t\t\t\t<img fetchpriority=\"high\" decoding=\"async\" width=\"675\" height=\"844\" src=\"https:\/\/angeldigital.pro\/wp-content\/uploads\/2025\/04\/Tips.png\" class=\"attachment-large size-large wp-image-1113\" alt=\"\" srcset=\"https:\/\/angeldigital.pro\/wp-content\/uploads\/2025\/04\/Tips.png 675w, https:\/\/angeldigital.pro\/wp-content\/uploads\/2025\/04\/Tips-240x300.png 240w\" sizes=\"(max-width: 675px) 100vw, 675px\" \/>\t\t\t\t\t\t\t\t\t\t\t\t\t\t\t<\/div>\n\t\t\t\t<\/div>\n\t\t\t\t\t<\/div>\n\t\t<\/div>\n\t\t\t\t\t\t\t<\/div>\n\t\t<\/section>\n\t\t<div class=\"elementor-element elementor-element-fcae50c e-con-full e-flex wpr-particle-no wpr-jarallax-no wpr-parallax-no wpr-sticky-section-no e-con e-parent\" data-id=\"fcae50c\" data-element_type=\"container\" data-settings=\"{&quot;content_width&quot;:&quot;full&quot;}\" data-core-v316-plus=\"true\">\n\t\t\t\t<div class=\"elementor-element elementor-element-446e9c4 jltma-glass-effect-no elementor-widget elementor-widget-heading\" data-id=\"446e9c4\" data-element_type=\"widget\" data-widget_type=\"heading.default\">\n\t\t\t\t<div class=\"elementor-widget-container\">\n\t\t\t<h2 class=\"elementor-heading-title elementor-size-default\">ALgunos de nuestros clientes<\/h2>\t\t<\/div>\n\t\t\t\t<\/div>\n\t\t\t\t<\/div>\n\t\t<div class=\"elementor-element elementor-element-5af4186 e-flex e-con-boxed wpr-particle-no wpr-jarallax-no wpr-parallax-no wpr-sticky-section-no e-con e-parent\" data-id=\"5af4186\" data-element_type=\"container\" data-settings=\"{&quot;content_width&quot;:&quot;boxed&quot;}\" data-core-v316-plus=\"true\">\n\t\t\t\t\t<div class=\"e-con-inner\">\n\t\t\t\t<div class=\"elementor-element elementor-element-584d93a jltma-navigation-type-arrows jltma-carousel-style-carousel jltma-glass-effect-no elementor-widget elementor-widget-jltma-logo-slider\" data-id=\"584d93a\" data-element_type=\"widget\" data-settings=\"{&quot;item_gap&quot;:{&quot;unit&quot;:&quot;px&quot;,&quot;size&quot;:8,&quot;sizes&quot;:[]},&quot;autoheight&quot;:&quot;yes&quot;}\" data-widget_type=\"jltma-logo-slider.default\">\n\t\t\t\t<div class=\"elementor-widget-container\">\n\t\t\t\n\t\t<div id=\"jltma-logo-carousel-584d93a\" class=\"jltma-arrows-align-center jltma-logo-carousel-slider\" data-settings=\"{&quot;autoplay&quot;:{&quot;delay&quot;:5000},&quot;loop&quot;:true,&quot;speed&quot;:500,&quot;slidesPerView&quot;:1,&quot;slidesPerGroup&quot;:1,&quot;spaceBetween&quot;:8,&quot;centeredSlides&quot;:true,&quot;effect&quot;:&quot;carousel&quot;,&quot;breakpoints&quot;:{&quot;767&quot;:{&quot;slidesPerView&quot;:2,&quot;spaceBetween&quot;:8,&quot;slidesPerGroup&quot;:1},&quot;1023&quot;:{&quot;slidesPerView&quot;:4,&quot;spaceBetween&quot;:8,&quot;slidesPerGroup&quot;:1}},&quot;navigation&quot;:{&quot;nextEl&quot;:&quot;#jltma-logo-carousel-584d93a .jltma-arrow--next&quot;,&quot;prevEl&quot;:&quot;#jltma-logo-carousel-584d93a .jltma-arrow--prev&quot;},&quot;pagination&quot;:{&quot;el&quot;:&quot;#jltma-logo-carousel-584d93a .swiper-pagination&quot;,&quot;type&quot;:&quot;&quot;,&quot;clickable&quot;:&quot;true&quot;,&quot;dynamicBullets&quot;:false},&quot;scrollbar&quot;:{&quot;el&quot;:&quot;#jltma-logo-carousel-584d93a .swiper-scrollbar&quot;,&quot;hide&quot;:&quot;true&quot;},&quot;coverflowEffect&quot;:{&quot;rotate&quot;:50,&quot;stretch&quot;:0,&quot;depth&quot;:100,&quot;modifier&quot;:1,&quot;slideShadows&quot;:true}}\">\n\t\t\t<div class=\"jltma-logo-carousel-wrapper jltma-carousel jltma-swiper jltma-swiper__container swiper elementor-jltma-element-584d93a-1111\" data-jltma-template-widget-id=\"584d93a-1111\">\n\t\t\t\t<div class=\"jltma-logo-carousel jltma-swiper__wrapper swiper-wrapper\">\n\t\t\t\t\t\t\t\t\t<div class=\"jltma-logo-slider-item jltma-slider__item jltma-swiper__slide swiper-slide\">\n\t\t\t\t\t<figure class=\"jltma-logo-slider-figure\" >\n\n\t\t\t\t\t\t<img decoding=\"async\" width=\"150\" height=\"150\" src=\"https:\/\/angeldigital.pro\/wp-content\/uploads\/2024\/07\/logo-cdp-2023_Mesa-de-trabajo-1-copia-6-150x150.png\" class=\"jltma-logo-slider-img elementor-animation-\" alt=\"\" \/>\t\t\t\t\t<\/figure>\n\n\n\t\t\t\t<\/div>\n\n\t\t\t\t\t\t<div id=\"jltma-logo-slider-itemelementor-repeater-item-fc289a9\" data-id=\"elementor-repeater-item-fc289a9\" data-tooltip-settings=\"{&quot;text&quot;:&quot;This is Element Tooltip&quot;,&quot;placement&quot;:&quot;right-start&quot;,&quot;follow_cursor&quot;:0,&quot;animation&quot;:&quot;scale&quot;,&quot;trigger&quot;:&quot;mouseenter&quot;,&quot;duration&quot;:300,&quot;delay&quot;:400,&quot;x_offset&quot;:0,&quot;y_offset&quot;:0,&quot;arrow&quot;:1,&quot;arrow_type&quot;:&quot;sharp&quot;}\" class=\"jltma-logo-slider-item jltma-slider__item jltma-swiper__slide swiper-slide\">\n\t\t\t\t\t<figure class=\"jltma-logo-slider-figure\" >\n\n\t\t\t\t\t\t<img decoding=\"async\" width=\"150\" height=\"150\" src=\"https:\/\/angeldigital.pro\/wp-content\/uploads\/2024\/11\/Final-leonardo-ruiz-sin-fondo-150x150.webp\" class=\"jltma-logo-slider-img elementor-animation-\" alt=\"\" \/>\t\t\t\t\t<\/figure>\n\n\n\t\t\t\t<\/div>\n\n\t\t\t\t\t\t<div class=\"jltma-logo-slider-item jltma-slider__item jltma-swiper__slide swiper-slide\">\n\t\t\t\t\t<figure class=\"jltma-logo-slider-figure\" >\n\n\t\t\t\t\t\t<img loading=\"lazy\" decoding=\"async\" width=\"150\" height=\"150\" src=\"https:\/\/angeldigital.pro\/wp-content\/uploads\/2025\/04\/Adrenaline-Addicts-Motorcycle-Tours-and-Rentals-Colombia-150x150.webp\" class=\"jltma-logo-slider-img elementor-animation-\" alt=\"\" \/>\t\t\t\t\t<\/figure>\n\n\n\t\t\t\t<\/div>\n\n\t\t\t\t\t\t<div class=\"jltma-logo-slider-item jltma-slider__item jltma-swiper__slide swiper-slide\">\n\t\t\t\t\t<figure class=\"jltma-logo-slider-figure\" >\n\n\t\t\t\t\t\t<img loading=\"lazy\" decoding=\"async\" width=\"150\" height=\"150\" src=\"https:\/\/angeldigital.pro\/wp-content\/uploads\/2025\/04\/Artboard-1-2-150x150.png\" class=\"jltma-logo-slider-img elementor-animation-\" alt=\"\" \/>\t\t\t\t\t<\/figure>\n\n\n\t\t\t\t<\/div>\n\n\t\t\t\t\t\t<div class=\"jltma-logo-slider-item jltma-slider__item jltma-swiper__slide swiper-slide\">\n\t\t\t\t\t<figure class=\"jltma-logo-slider-figure\" >\n\n\t\t\t\t\t\t<img loading=\"lazy\" decoding=\"async\" width=\"150\" height=\"150\" src=\"https:\/\/angeldigital.pro\/wp-content\/uploads\/2025\/04\/logocarnivoros350x350-300x300-1-150x150.png\" class=\"jltma-logo-slider-img elementor-animation-\" alt=\"\" srcset=\"https:\/\/angeldigital.pro\/wp-content\/uploads\/2025\/04\/logocarnivoros350x350-300x300-1-150x150.png 150w, https:\/\/angeldigital.pro\/wp-content\/uploads\/2025\/04\/logocarnivoros350x350-300x300-1.png 300w\" sizes=\"(max-width: 150px) 100vw, 150px\" \/>\t\t\t\t\t<\/figure>\n\n\n\t\t\t\t<\/div>\n\n\t\t\t\t\t\t<div class=\"jltma-logo-slider-item jltma-slider__item jltma-swiper__slide swiper-slide\">\n\t\t\t\t\t<figure class=\"jltma-logo-slider-figure\" >\n\n\t\t\t\t\t\t<img loading=\"lazy\" decoding=\"async\" width=\"150\" height=\"150\" src=\"https:\/\/angeldigital.pro\/wp-content\/uploads\/2025\/04\/logo-unicentro-yopal_Mesa-de-trabajo-1-1536x1536-1-150x150.png\" class=\"jltma-logo-slider-img elementor-animation-\" alt=\"\" srcset=\"https:\/\/angeldigital.pro\/wp-content\/uploads\/2025\/04\/logo-unicentro-yopal_Mesa-de-trabajo-1-1536x1536-1-150x150.png 150w, https:\/\/angeldigital.pro\/wp-content\/uploads\/2025\/04\/logo-unicentro-yopal_Mesa-de-trabajo-1-1536x1536-1-300x300.png 300w, https:\/\/angeldigital.pro\/wp-content\/uploads\/2025\/04\/logo-unicentro-yopal_Mesa-de-trabajo-1-1536x1536-1-1024x1024.png 1024w, https:\/\/angeldigital.pro\/wp-content\/uploads\/2025\/04\/logo-unicentro-yopal_Mesa-de-trabajo-1-1536x1536-1-768x768.png 768w, https:\/\/angeldigital.pro\/wp-content\/uploads\/2025\/04\/logo-unicentro-yopal_Mesa-de-trabajo-1-1536x1536-1.png 1536w\" sizes=\"(max-width: 150px) 100vw, 150px\" \/>\t\t\t\t\t<\/figure>\n\n\n\t\t\t\t<\/div>\n\n\t\t\t\t\t\t<div class=\"jltma-logo-slider-item jltma-slider__item jltma-swiper__slide swiper-slide\">\n\t\t\t\t\t<figure class=\"jltma-logo-slider-figure\" >\n\n\t\t\t\t\t\t<img loading=\"lazy\" decoding=\"async\" width=\"150\" height=\"150\" src=\"https:\/\/angeldigital.pro\/wp-content\/uploads\/2025\/04\/244639877_104917375300696_2774099831169399571_n-150x150.jpg\" class=\"jltma-logo-slider-img elementor-animation-\" alt=\"\" srcset=\"https:\/\/angeldigital.pro\/wp-content\/uploads\/2025\/04\/244639877_104917375300696_2774099831169399571_n-150x150.jpg 150w, https:\/\/angeldigital.pro\/wp-content\/uploads\/2025\/04\/244639877_104917375300696_2774099831169399571_n-300x300.jpg 300w, https:\/\/angeldigital.pro\/wp-content\/uploads\/2025\/04\/244639877_104917375300696_2774099831169399571_n-1024x1024.jpg 1024w, https:\/\/angeldigital.pro\/wp-content\/uploads\/2025\/04\/244639877_104917375300696_2774099831169399571_n-768x768.jpg 768w, https:\/\/angeldigital.pro\/wp-content\/uploads\/2025\/04\/244639877_104917375300696_2774099831169399571_n.jpg 1409w\" sizes=\"(max-width: 150px) 100vw, 150px\" \/>\t\t\t\t\t<\/figure>\n\n\n\t\t\t\t<\/div>\n\n\t\t\n\n\t\t\t\t\t<\/div> <!-- swiper-wrapper -->\n\t\t\t\t<\/div>\n\t\t\t\t<!--\/.ma-logo-carousel-->\n\n\t\t\t\t        <div class=\"jltma-arrows jltma-swiper__navigation jltma-swiper__navigation--inside jltma-swiper__navigation--center jltma-swiper__pagination jltma-swiper__pagination--arrows jltma-position-z-index jltma-swiper__pagination-584d93a jltma-visible-mobile\" id=\"jltma-arrows-584d93a\">\n                                    <div class=\"jltma-swiper__button jltma-swiper__button--prev jltma-arrow jltma-arrow--prev jltma-swiper__button--prev-584d93a\">\n            <i class=\"eicon-chevron-left\"><\/i>\n        <\/div>\n        <div class=\"jltma-swiper__button jltma-swiper__button--next jltma-arrow jltma-arrow--next jltma-swiper__button--next-584d93a\">\n            <i class=\"eicon-chevron-right\"><\/i>\n        <\/div>\n                            <\/div>\n\n    \n\t\t\t\t\n\t\t\t<\/div>\n\t\t\t<!--\/.jltma-logo-slider-->\n\n\t\t\t<\/div>\n\t\t\t\t<\/div>\n\t\t\t\t\t<\/div>\n\t\t\t\t<\/div>\n\t\t<div class=\"wpr-jarallax elementor-element elementor-element-47e09f9 wpr-jarallax-yes e-flex e-con-boxed wpr-particle-no wpr-parallax-no wpr-sticky-section-no e-con e-parent\" speed-data=\"1.4\" bg-image=\"\" scroll-effect=\"scroll\" data-id=\"47e09f9\" data-element_type=\"container\" data-settings=\"{&quot;background_background&quot;:&quot;classic&quot;,&quot;content_width&quot;:&quot;boxed&quot;}\" data-core-v316-plus=\"true\">\n\t\t\t\t\t<div class=\"e-con-inner\">\n\t\t\t\t<div class=\"elementor-element elementor-element-ce4662f jltma-glass-effect-no elementor-widget elementor-widget-heading\" data-id=\"ce4662f\" data-element_type=\"widget\" data-widget_type=\"heading.default\">\n\t\t\t\t<div class=\"elementor-widget-container\">\n\t\t\t<h2 class=\"elementor-heading-title elementor-size-default\">El \u00e9xito de tu marca comienza con una estrategia clara<\/h2>\t\t<\/div>\n\t\t\t\t<\/div>\n\t\t\t\t<div class=\"elementor-element elementor-element-6733a69 elementor-align-center jltma-glass-effect-no elementor-widget elementor-widget-button\" data-id=\"6733a69\" data-element_type=\"widget\" data-widget_type=\"button.default\">\n\t\t\t\t<div class=\"elementor-widget-container\">\n\t\t\t\t\t<div class=\"elementor-button-wrapper\">\n\t\t\t<a class=\"elementor-button elementor-button-link elementor-size-sm\" href=\"https:\/\/wa.link\/bbohbq\">\n\t\t\t\t\t\t<span class=\"elementor-button-content-wrapper\">\n\t\t\t\t\t\t<span class=\"elementor-button-text\">Escribenos<\/span>\n\t\t<\/span>\n\t\t\t\t\t<\/a>\n\t\t<\/div>\n\t\t\t\t<\/div>\n\t\t\t\t<\/div>\n\t\t\t\t\t<\/div>\n\t\t\t\t<\/div>\n\t\t\t\t\t\t\t<\/div>\n\t\t","protected":false},"excerpt":{"rendered":"<p>Estrategia \u00bfListo para vender m\u00e1s? Transformamos tus objetivos en acciones efectivas. De las ideas a las ventas: Dise\u00f1amos la estrategia de marketing que tu marca necesita. El \u00e9xito de tu marca comienza con una estrategia clara At vanguard Trabajamos contigo para entender tus objetivos En un mundo saturado de mensajes publicitarios, destacar no es una [&hellip;]<\/p>\n","protected":false},"author":1,"featured_media":0,"parent":0,"menu_order":0,"comment_status":"closed","ping_status":"closed","template":"","meta":{"footnotes":""},"aioseo_notices":[],"_links":{"self":[{"href":"https:\/\/angeldigital.pro\/index.php\/wp-json\/wp\/v2\/pages\/1111"}],"collection":[{"href":"https:\/\/angeldigital.pro\/index.php\/wp-json\/wp\/v2\/pages"}],"about":[{"href":"https:\/\/angeldigital.pro\/index.php\/wp-json\/wp\/v2\/types\/page"}],"author":[{"embeddable":true,"href":"https:\/\/angeldigital.pro\/index.php\/wp-json\/wp\/v2\/users\/1"}],"replies":[{"embeddable":true,"href":"https:\/\/angeldigital.pro\/index.php\/wp-json\/wp\/v2\/comments?post=1111"}],"version-history":[{"count":16,"href":"https:\/\/angeldigital.pro\/index.php\/wp-json\/wp\/v2\/pages\/1111\/revisions"}],"predecessor-version":[{"id":1219,"href":"https:\/\/angeldigital.pro\/index.php\/wp-json\/wp\/v2\/pages\/1111\/revisions\/1219"}],"wp:attachment":[{"href":"https:\/\/angeldigital.pro\/index.php\/wp-json\/wp\/v2\/media?parent=1111"}],"curies":[{"name":"wp","href":"https:\/\/api.w.org\/{rel}","templated":true}]}}